{"id":147,"date":"2021-02-20T15:17:31","date_gmt":"2021-02-20T15:17:31","guid":{"rendered":"http:\/\/wordpress.danbasel.ch\/?page_id=147"},"modified":"2025-08-13T16:11:01","modified_gmt":"2025-08-13T16:11:01","slug":"impressum","status":"publish","type":"page","link":"https:\/\/www.danbasel.ch\/en\/impressum\/","title":{"rendered":"Imprint"},"content":{"rendered":"<p>[et_pb_section fb_built=&#8220;1&#8243; fullwidth=&#8220;on&#8220; admin_label=&#8220;Section&#8220; _builder_version=&#8220;4.15&#8243; _module_preset=&#8220;default&#8220; global_colors_info=&#8220;{}&#8220;][et_pb_fullwidth_image src=&#8220;http:\/\/danbasel.ch\/wp-content\/uploads\/2021\/02\/bill-oxford-OXGhu60NwxU-unsplash-scaled.jpg&#8220; title_text=&#8220;bill-oxford-OXGhu60NwxU-unsplash&#8220; _builder_version=&#8220;4.15&#8243; _module_preset=&#8220;default&#8220; global_colors_info=&#8220;{}&#8220;][\/et_pb_fullwidth_image][\/et_pb_section][et_pb_section fb_built=&#8220;1&#8243; _builder_version=&#8220;4.15&#8243; _module_preset=&#8220;default&#8220; global_colors_info=&#8220;{}&#8220;][et_pb_row _builder_version=&#8220;4.15&#8243; _module_preset=&#8220;default&#8220; global_colors_info=&#8220;{}&#8220;][et_pb_column type=&#8220;4_4&#8243; _builder_version=&#8220;4.15&#8243; _module_preset=&#8220;default&#8220; global_colors_info=&#8220;{}&#8220;][et_pb_text _builder_version=&#8220;4.15.0&#8243; _module_preset=&#8220;default&#8220; hover_enabled=&#8220;0&#8243; global_colors_info=&#8220;{}&#8220; sticky_enabled=&#8220;0&#8243;]<\/p>\n<p><strong>Contact address<\/strong><\/p>\n<p>DaN Basel<br \/>Birsstrasse 58<br \/>CH-4052 Basel<br \/>Switzerland<\/p>\n<p>Email:<br \/>info@danbasel.ch<\/p>\n<p>&nbsp;<\/p>\n<p><strong>Authorised representative(s)<\/strong><\/p>\n<p>Andreas Schaeppi, President and Head of DaN Basel, Head of Food, Social Services and Christmas<br \/>Carola Schaeppi, Vice President, Head of Boutique and Co-Head of Christmas<br \/>Michel Fischer, Vice President<\/p>\n<p>&nbsp;<\/p>\n<p><strong>Disclaimer<\/strong><\/p>\n<p>The author accepts no responsibility for the correctness, accuracy, timeliness, reliability or completeness of the information provided.<\/p>\n<p>&nbsp;<\/p>\n<p>Liability claims against the author for material or immaterial damage resulting from access to or use or non-use of the published information, misuse of the connection or technical faults are excluded.<\/p>\n<p>All offers are non-binding. The author expressly reserves the right to change, supplement or delete parts of the pages or the entire offer without prior notice or to discontinue publication temporarily or permanently.<\/p>\n<p>&nbsp;<\/p>\n<p><strong>Disclaimer for links<\/strong><\/p>\n<p>References and links to third-party websites are outside our area of responsibility. We accept no responsibility for such websites. Access to and use of such websites is at the user's own risk.<\/p>\n<p>&nbsp;<\/p>\n<p><strong>Copyright<\/strong><\/p>\n<p>The copyright and all other legal rights to content, images, photos or other files on this website belong exclusively to\u00a0<strong>the legal entity DaN Basel<\/strong>\u00a0or the legal rights holders named in particular. The written consent of the copyright holder must be obtained in advance for the reproduction of any elements.<\/p>\n<p>Source:\u00a0<a href=\"https:\/\/www.swissanwalt.ch\/\" target=\"_blank\" rel=\"noopener\">SwissAnwalt<\/a><\/p>\n<p>[\/et_pb_text][\/et_pb_column][\/et_pb_row][\/et_pb_section]<\/p>","protected":false},"excerpt":{"rendered":"<p>Kontakt-Adresse DaN BaselBirsstrasse 584052 BaselSchweiz E-Mail:info@danbasel.ch &nbsp; Vertretungsberechtigte Person(en) Andreas Schaeppi, Pr\u00e4sident und Leiter DaN Basel, Leiter Lebensmittel, Soziale Dienste und WeihnachtenCarola Schaeppi, Vizepr\u00e4sidentin, Leiterin Boutique und Co-Leitung WeihnachtenMichel Fischer, Vizepr\u00e4sident &nbsp; Haftungsausschluss Der Autor \u00fcbernimmt keinerlei Gew\u00e4hr hinsichtlich der inhaltlichen Richtigkeit, Genauigkeit, Aktualit\u00e4t, Zuverl\u00e4ssigkeit und Vollst\u00e4ndigkeit der Informationen. &nbsp; Haftungsanspr\u00fcche gegen den Autor wegen [&hellip;]<\/p>","protected":false},"author":1,"featured_media":0,"parent":0,"menu_order":0,"comment_status":"closed","ping_status":"closed","template":"","meta":{"_et_pb_use_builder":"on","_et_pb_old_content":"","_et_gb_content_width":"","footnotes":""},"class_list":["post-147","page","type-page","status-publish","hentry"],"yoast_head":"<!-- This site is optimized with the Yoast SEO plugin v27.4 - https:\/\/yoast.com\/product\/yoast-seo-wordpress\/ -->\n<title>Impressum - DaN Basel<\/title>\n<meta name=\"robots\" content=\"index, follow, max-snippet:-1, max-image-preview:large, max-video-preview:-1\" \/>\n<link rel=\"canonical\" href=\"https:\/\/www.danbasel.ch\/en\/impressum\/\" \/>\n<meta property=\"og:locale\" content=\"en_GB\" \/>\n<meta property=\"og:type\" content=\"article\" \/>\n<meta property=\"og:title\" content=\"Impressum - DaN Basel\" \/>\n<meta property=\"og:description\" content=\"Kontakt-Adresse DaN BaselBirsstrasse 584052 BaselSchweiz E-Mail:info@danbasel.ch &nbsp; Vertretungsberechtigte Person(en) Andreas Schaeppi, Pr\u00e4sident und Leiter DaN Basel, Leiter Lebensmittel, Soziale Dienste und WeihnachtenCarola Schaeppi, Vizepr\u00e4sidentin, Leiterin Boutique und Co-Leitung WeihnachtenMichel Fischer, Vizepr\u00e4sident &nbsp; Haftungsausschluss Der Autor \u00fcbernimmt keinerlei Gew\u00e4hr hinsichtlich der inhaltlichen Richtigkeit, Genauigkeit, Aktualit\u00e4t, Zuverl\u00e4ssigkeit und Vollst\u00e4ndigkeit der Informationen. &nbsp; Haftungsanspr\u00fcche gegen den Autor wegen [&hellip;]\" \/>\n<meta property=\"og:url\" content=\"https:\/\/www.danbasel.ch\/en\/impressum\/\" \/>\n<meta property=\"og:site_name\" content=\"DaN Basel\" \/>\n<meta property=\"article:modified_time\" content=\"2025-08-13T16:11:01+00:00\" \/>\n<meta name=\"twitter:card\" content=\"summary_large_image\" \/>\n<meta name=\"twitter:label1\" content=\"Estimated reading time\" \/>\n\t<meta name=\"twitter:data1\" content=\"2 minutes\" \/>\n<script type=\"application\/ld+json\" class=\"yoast-schema-graph\">{\"@context\":\"https:\\\/\\\/schema.org\",\"@graph\":[{\"@type\":\"WebPage\",\"@id\":\"https:\\\/\\\/www.danbasel.ch\\\/impressum\\\/\",\"url\":\"https:\\\/\\\/www.danbasel.ch\\\/impressum\\\/\",\"name\":\"Impressum - DaN Basel\",\"isPartOf\":{\"@id\":\"https:\\\/\\\/www.danbasel.ch\\\/#website\"},\"datePublished\":\"2021-02-20T15:17:31+00:00\",\"dateModified\":\"2025-08-13T16:11:01+00:00\",\"breadcrumb\":{\"@id\":\"https:\\\/\\\/www.danbasel.ch\\\/impressum\\\/#breadcrumb\"},\"inLanguage\":\"en-GB\",\"potentialAction\":[{\"@type\":\"ReadAction\",\"target\":[\"https:\\\/\\\/www.danbasel.ch\\\/impressum\\\/\"]}]},{\"@type\":\"BreadcrumbList\",\"@id\":\"https:\\\/\\\/www.danbasel.ch\\\/impressum\\\/#breadcrumb\",\"itemListElement\":[{\"@type\":\"ListItem\",\"position\":1,\"name\":\"Home\",\"item\":\"https:\\\/\\\/www.danbasel.ch\\\/\"},{\"@type\":\"ListItem\",\"position\":2,\"name\":\"Impressum\"}]},{\"@type\":\"WebSite\",\"@id\":\"https:\\\/\\\/www.danbasel.ch\\\/#website\",\"url\":\"https:\\\/\\\/www.danbasel.ch\\\/\",\"name\":\"DaN Basel\",\"description\":\"Dienst am N\u00e4chsten\",\"potentialAction\":[{\"@type\":\"SearchAction\",\"target\":{\"@type\":\"EntryPoint\",\"urlTemplate\":\"https:\\\/\\\/www.danbasel.ch\\\/?s={search_term_string}\"},\"query-input\":{\"@type\":\"PropertyValueSpecification\",\"valueRequired\":true,\"valueName\":\"search_term_string\"}}],\"inLanguage\":\"en-GB\"}]}<\/script>\n<!-- \/ Yoast SEO plugin. -->","yoast_head_json":{"title":"Impressum - DaN Basel","robots":{"index":"index","follow":"follow","max-snippet":"max-snippet:-1","max-image-preview":"max-image-preview:large","max-video-preview":"max-video-preview:-1"},"canonical":"https:\/\/www.danbasel.ch\/en\/impressum\/","og_locale":"en_GB","og_type":"article","og_title":"Impressum - DaN Basel","og_description":"Kontakt-Adresse DaN BaselBirsstrasse 584052 BaselSchweiz E-Mail:info@danbasel.ch &nbsp; Vertretungsberechtigte Person(en) Andreas Schaeppi, Pr\u00e4sident und Leiter DaN Basel, Leiter Lebensmittel, Soziale Dienste und WeihnachtenCarola Schaeppi, Vizepr\u00e4sidentin, Leiterin Boutique und Co-Leitung WeihnachtenMichel Fischer, Vizepr\u00e4sident &nbsp; Haftungsausschluss Der Autor \u00fcbernimmt keinerlei Gew\u00e4hr hinsichtlich der inhaltlichen Richtigkeit, Genauigkeit, Aktualit\u00e4t, Zuverl\u00e4ssigkeit und Vollst\u00e4ndigkeit der Informationen. &nbsp; Haftungsanspr\u00fcche gegen den Autor wegen [&hellip;]","og_url":"https:\/\/www.danbasel.ch\/en\/impressum\/","og_site_name":"DaN Basel","article_modified_time":"2025-08-13T16:11:01+00:00","twitter_card":"summary_large_image","twitter_misc":{"Estimated reading time":"2 minutes"},"schema":{"@context":"https:\/\/schema.org","@graph":[{"@type":"WebPage","@id":"https:\/\/www.danbasel.ch\/impressum\/","url":"https:\/\/www.danbasel.ch\/impressum\/","name":"Impressum - DaN Basel","isPartOf":{"@id":"https:\/\/www.danbasel.ch\/#website"},"datePublished":"2021-02-20T15:17:31+00:00","dateModified":"2025-08-13T16:11:01+00:00","breadcrumb":{"@id":"https:\/\/www.danbasel.ch\/impressum\/#breadcrumb"},"inLanguage":"en-GB","potentialAction":[{"@type":"ReadAction","target":["https:\/\/www.danbasel.ch\/impressum\/"]}]},{"@type":"BreadcrumbList","@id":"https:\/\/www.danbasel.ch\/impressum\/#breadcrumb","itemListElement":[{"@type":"ListItem","position":1,"name":"Home","item":"https:\/\/www.danbasel.ch\/"},{"@type":"ListItem","position":2,"name":"Impressum"}]},{"@type":"WebSite","@id":"https:\/\/www.danbasel.ch\/#website","url":"https:\/\/www.danbasel.ch\/","name":"DaN Basel","description":"Service to people in need","potentialAction":[{"@type":"SearchAction","target":{"@type":"EntryPoint","urlTemplate":"https:\/\/www.danbasel.ch\/?s={search_term_string}"},"query-input":{"@type":"PropertyValueSpecification","valueRequired":true,"valueName":"search_term_string"}}],"inLanguage":"en-GB"}]}},"_links":{"self":[{"href":"https:\/\/www.danbasel.ch\/en\/wp-json\/wp\/v2\/pages\/147","targetHints":{"allow":["GET"]}}],"collection":[{"href":"https:\/\/www.danbasel.ch\/en\/wp-json\/wp\/v2\/pages"}],"about":[{"href":"https:\/\/www.danbasel.ch\/en\/wp-json\/wp\/v2\/types\/page"}],"author":[{"embeddable":true,"href":"https:\/\/www.danbasel.ch\/en\/wp-json\/wp\/v2\/users\/1"}],"replies":[{"embeddable":true,"href":"https:\/\/www.danbasel.ch\/en\/wp-json\/wp\/v2\/comments?post=147"}],"version-history":[{"count":0,"href":"https:\/\/www.danbasel.ch\/en\/wp-json\/wp\/v2\/pages\/147\/revisions"}],"wp:attachment":[{"href":"https:\/\/www.danbasel.ch\/en\/wp-json\/wp\/v2\/media?parent=147"}],"curies":[{"name":"wp","href":"https:\/\/api.w.org\/{rel}","templated":true}]}}