{"id":249,"date":"2021-04-15T22:19:19","date_gmt":"2021-04-15T22:19:19","guid":{"rendered":"http:\/\/wordpress.danbasel.ch\/?page_id=249"},"modified":"2025-12-18T12:35:06","modified_gmt":"2025-12-18T12:35:06","slug":"boutique","status":"publish","type":"page","link":"https:\/\/www.danbasel.ch\/en\/boutique\/","title":{"rendered":"Boutique"},"content":{"rendered":"<p>[et_pb_section fb_built=&#8220;1&#8243; fullwidth=&#8220;on&#8220; admin_label=&#8220;Header Section&#8220; _builder_version=&#8220;4.15&#8243; background_color=&#8220;#000000&#8243; custom_padding=&#8220;|||&#8220; global_colors_info=&#8220;{}&#8220;][et_pb_fullwidth_header title=&#8220;Boutique&#8220; subhead=&#8220;Liebe kleidet ein&#8220; text_orientation=&#8220;center&#8220; header_fullscreen=&#8220;on&#8220; background_overlay_color=&#8220;rgba(0,0,0,0.7)&#8220; content_max_width_last_edited=&#8220;off|desktop&#8220; admin_label=&#8220;Contents&#8220; _builder_version=&#8220;4.15.0&#8243; title_font=&#8220;Oswald|||on|&#8220; title_text_align=&#8220;center&#8220; title_font_size=&#8220;80px&#8220; title_letter_spacing=&#8220;0.05em&#8220; title_line_height=&#8220;1.5em&#8220; subhead_font=&#8220;Nunito|600|||||||&#8220; subhead_font_size=&#8220;20px&#8220; subhead_line_height=&#8220;1.9em&#8220; background_color=&#8220;rgba(255, 255, 255, 0)&#8220; background_image=&#8220;http:\/\/danbasel.ch\/wp-content\/uploads\/2021\/04\/nick-de-partee-5DLBoEX99Cs-unsplash-scaled.jpg&#8220; parallax=&#8220;on&#8220; parallax_method=&#8220;on&#8220; custom_button_one=&#8220;on&#8220; button_one_text_size=&#8220;15px&#8220; button_one_bg_color=&#8220;#dca57d&#8220; button_one_border_width=&#8220;10px&#8220; button_one_border_color=&#8220;#dca57d&#8220; button_one_border_radius=&#8220;0px&#8220; button_one_letter_spacing=&#8220;3px&#8220; button_one_font=&#8220;Oswald|||on|&#8220; button_one_use_icon=&#8220;off&#8220; animation_style=&#8220;fade&#8220; animation_starting_opacity=&#8220;50%&#8220; animation_speed_curve=&#8220;ease-in&#8220; hover_enabled=&#8220;0&#8243; title_font_size_tablet=&#8220;60px&#8220; title_font_size_phone=&#8220;40px&#8220; title_font_size_last_edited=&#8220;on|phone&#8220; button_one_border_color_hover=&#8220;#c99872&#8243; button_one_border_radius_hover=&#8220;0px&#8220; button_one_letter_spacing_hover=&#8220;3px&#8220; button_one_bg_color_hover=&#8220;#c99872&#8243; global_colors_info=&#8220;{}&#8220; button_one_text_size__hover_enabled=&#8220;off&#8220; button_two_text_size__hover_enabled=&#8220;off&#8220; button_one_text_color__hover_enabled=&#8220;off&#8220; button_two_text_color__hover_enabled=&#8220;off&#8220; button_one_border_width__hover_enabled=&#8220;off&#8220; button_two_border_width__hover_enabled=&#8220;off&#8220; button_one_border_color__hover_enabled=&#8220;on&#8220; button_one_border_color__hover=&#8220;#c99872&#8243; button_two_border_color__hover_enabled=&#8220;off&#8220; button_one_border_radius__hover_enabled=&#8220;on&#8220; button_one_border_radius__hover=&#8220;0px&#8220; button_two_border_radius__hover_enabled=&#8220;off&#8220; button_one_letter_spacing__hover_enabled=&#8220;on&#8220; button_one_letter_spacing__hover=&#8220;3px&#8220; button_two_letter_spacing__hover_enabled=&#8220;off&#8220; button_one_bg_color__hover_enabled=&#8220;on&#8220; button_one_bg_color__hover=&#8220;#c99872&#8243; button_two_bg_color__hover_enabled=&#8220;off&#8220; sticky_enabled=&#8220;0&#8243;][\/et_pb_fullwidth_header][\/et_pb_section][et_pb_section fb_built=&#8220;1&#8243; admin_label=&#8220;Info&#8220; _builder_version=&#8220;4.15.0&#8243; global_colors_info=&#8220;{}&#8220;][et_pb_row _builder_version=&#8220;4.15&#8243; global_colors_info=&#8220;{}&#8220;][et_pb_column type=&#8220;4_4&#8243; _builder_version=&#8220;4.15&#8243; custom_padding=&#8220;|||&#8220; global_colors_info=&#8220;{}&#8220; custom_padding__hover=&#8220;|||&#8220;][et_pb_text admin_label=&#8220;Kleidung und W\u00fcrde&#8220; _builder_version=&#8220;4.15.0&#8243; text_font=&#8220;Nunito||||||||&#8220; header_text_align=&#8220;center&#8220; header_font_size=&#8220;16px&#8220; header_letter_spacing=&#8220;2px&#8220; header_line_height=&#8220;1.7em&#8220; header_3_font=&#8220;Oswald|||on|||||&#8220; header_3_font_size=&#8220;42px&#8220; header_3_letter_spacing=&#8220;2px&#8220; header_3_line_height=&#8220;1.5em&#8220; header_4_font=&#8220;Oswald|||on|||||&#8220; header_4_font_size=&#8220;16px&#8220; header_4_letter_spacing=&#8220;1px&#8220; header_4_line_height=&#8220;1.5em&#8220; background_size=&#8220;initial&#8220; background_position=&#8220;top_left&#8220; background_repeat=&#8220;repeat&#8220; max_width=&#8220;1077px&#8220; max_width_tablet=&#8220;&#8220; max_width_phone=&#8220;&#8220; max_width_last_edited=&#8220;on|phone&#8220; module_alignment=&#8220;left&#8220; custom_margin=&#8220;|||&#8220; locked=&#8220;off&#8220; global_colors_info=&#8220;{}&#8220;]<\/p>\n<h3 style=\"text-align: left;\">Clothing and dignity<\/h3>\n<p class=\"mobile-undersized-upper\" style=\"text-align: justify;\">The Boutique is open weekly, and plans are in development to extend this service to include an additional afternoon. Here, people in need can search for and find well-preserved clothing, shoes, fabrics and bed linen in the DaN boutique. The clothing is purchased for a nominal fee. The voluntary but obligated participation of unemployed people, social welfare recipients and others also increases the self-esteem of those involved.<\/p>\n<p class=\"mobile-undersized-upper\">Contact: Carola Schaeppi; <a href=\"mailto:carolaschaeppi@@danbasel.ch\">carolaschaeppi@@danbasel.ch<\/a><\/p>\n<p>[\/et_pb_text][et_pb_image src=&#8220;https:\/\/www.danbasel.ch\/wp-content\/uploads\/2023\/10\/20220909_1915091-scaled-e1696844214634.jpg&#8220; title_text=&#8220;Carola&#8220; align_tablet=&#8220;center&#8220; align_phone=&#8220;&#8220; align_last_edited=&#8220;on|desktop&#8220; _builder_version=&#8220;4.15.0&#8243; max_width=&#8220;35%&#8220; max_height=&#8220;273px&#8220; global_colors_info=&#8220;{}&#8220; height__hover_enabled=&#8220;off|desktop&#8220;][\/et_pb_image][et_pb_text _builder_version=&#8220;4.15.0&#8243; _module_preset=&#8220;default&#8220; global_colors_info=&#8220;{}&#8220;]<\/p>\n<div>Carola wird dabei unterst\u00fctzt von Jrene<\/div>\n<p>[\/et_pb_text][\/et_pb_column][\/et_pb_row][et_pb_row column_structure=&#8220;1_4,1_4,1_4,1_4&#8243; _builder_version=&#8220;4.15.0&#8243; _module_preset=&#8220;default&#8220; custom_margin=&#8220;||-15px||false|false&#8220; global_colors_info=&#8220;{}&#8220;][et_pb_column type=&#8220;1_4&#8243; _builder_version=&#8220;4.15.0&#8243; _module_preset=&#8220;default&#8220; global_colors_info=&#8220;{}&#8220;][et_pb_image src=&#8220;https:\/\/www.danbasel.ch\/wp-content\/uploads\/2025\/09\/20250701_114901-scaled.jpg&#8220; title_text=&#8220;20250701_114901&#8243; _builder_version=&#8220;4.15.0&#8243; _module_preset=&#8220;default&#8220; max_height=&#8220;273px&#8220; global_colors_info=&#8220;{}&#8220;][\/et_pb_image][\/et_pb_column][et_pb_column type=&#8220;1_4&#8243; _builder_version=&#8220;4.15.0&#8243; _module_preset=&#8220;default&#8220; global_colors_info=&#8220;{}&#8220;][\/et_pb_column][et_pb_column type=&#8220;1_4&#8243; _builder_version=&#8220;4.15.0&#8243; _module_preset=&#8220;default&#8220; global_colors_info=&#8220;{}&#8220;][\/et_pb_column][et_pb_column type=&#8220;1_4&#8243; _builder_version=&#8220;4.15.0&#8243; _module_preset=&#8220;default&#8220; global_colors_info=&#8220;{}&#8220;][\/et_pb_column][\/et_pb_row][et_pb_row _builder_version=&#8220;4.15.0&#8243; _module_preset=&#8220;default&#8220; global_colors_info=&#8220;{}&#8220;][et_pb_column type=&#8220;4_4&#8243; _builder_version=&#8220;4.15.0&#8243; _module_preset=&#8220;default&#8220; global_colors_info=&#8220;{}&#8220;][et_pb_gallery gallery_ids=&#8220;918,919,794,795,796,797&#8243; posts_number=&#8220;6&#8243; show_title_and_caption=&#8220;off&#8220; show_pagination=&#8220;off&#8220; _builder_version=&#8220;4.15.0&#8243; _module_preset=&#8220;default&#8220; global_colors_info=&#8220;{}&#8220;][\/et_pb_gallery][\/et_pb_column][\/et_pb_row][\/et_pb_section][et_pb_section fb_built=&#8220;1&#8243; admin_label=&#8220;Brewing Step&#8220; _builder_version=&#8220;4.15&#8243; global_colors_info=&#8220;{}&#8220;][et_pb_row _builder_version=&#8220;4.15&#8243; global_colors_info=&#8220;{}&#8220;][et_pb_column type=&#8220;4_4&#8243; _builder_version=&#8220;4.15&#8243; custom_padding=&#8220;|||&#8220; global_colors_info=&#8220;{}&#8220; custom_padding__hover=&#8220;|||&#8220;][et_pb_divider color=&#8220;rgba(0,0,0,0.09)&#8220; divider_weight=&#8220;3px&#8220; _builder_version=&#8220;4.15&#8243; global_colors_info=&#8220;{}&#8220;][\/et_pb_divider][et_pb_text _builder_version=&#8220;4.15&#8243; text_font=&#8220;Nunito||||||||&#8220; header_text_align=&#8220;center&#8220; header_font_size=&#8220;16px&#8220; header_letter_spacing=&#8220;2px&#8220; header_line_height=&#8220;1.7em&#8220; header_3_font=&#8220;Oswald|||on|||||&#8220; header_3_font_size=&#8220;42px&#8220; header_3_letter_spacing=&#8220;2px&#8220; header_3_line_height=&#8220;1.5em&#8220; header_4_font=&#8220;Oswald|||on|||||&#8220; header_4_font_size=&#8220;16px&#8220; header_4_letter_spacing=&#8220;1px&#8220; header_4_line_height=&#8220;1.5em&#8220; background_size=&#8220;initial&#8220; background_position=&#8220;top_left&#8220; background_repeat=&#8220;repeat&#8220; max_width=&#8220;1077px&#8220; max_width_tablet=&#8220;&#8220; max_width_phone=&#8220;&#8220; max_width_last_edited=&#8220;on|phone&#8220; module_alignment=&#8220;left&#8220; custom_margin=&#8220;|472px||||&#8220; locked=&#8220;off&#8220; global_colors_info=&#8220;{}&#8220;]<\/p>\n<h3>Collaboration<\/h3>\n<p style=\"text-align: justify;\">We offer unemployed people, social welfare recipients, IV recipients, refugees, etc. the opportunity to work on a voluntary but serious basis in our project. This strengthens self-confidence and increases dignity and respect among each other.<\/p>\n<p>[\/et_pb_text][et_pb_image src=&#8220;http:\/\/danbasel.ch\/wp-content\/uploads\/2021\/04\/hannah-busing-Zyx1bK9mqmA-unsplash-scaled-e1618522978188.jpg&#8220; title_text=&#8220;hannah-busing-Zyx1bK9mqmA-unsplash&#8220; align_tablet=&#8220;center&#8220; align_phone=&#8220;&#8220; align_last_edited=&#8220;on|desktop&#8220; _builder_version=&#8220;4.15&#8243; max_width=&#8220;35%&#8220; global_colors_info=&#8220;{}&#8220;][\/et_pb_image][\/et_pb_column][\/et_pb_row][\/et_pb_section][et_pb_section fb_built=&#8220;1&#8243; admin_label=&#8220;Footer&#8220; _builder_version=&#8220;4.15&#8243; background_color_gradient_direction=&#8220;90deg&#8220; background_image=&#8220;http:\/\/danbasel.ch\/wp-content\/uploads\/2021\/02\/Placeholder-3-scaled.jpg&#8220; custom_padding=&#8220;0px|0px|0px|0px&#8220; global_module=&#8220;159&#8243; saved_tabs=&#8220;all&#8220; locked=&#8220;off&#8220; global_colors_info=&#8220;{}&#8220;][et_pb_row column_structure=&#8220;1_2,1_2&#8243; use_custom_gutter=&#8220;on&#8220; gutter_width=&#8220;1&#8243; make_equal=&#8220;on&#8220; admin_label=&#8220;Footer Row&#8220; module_class=&#8220; et_pb_row_fullwidth&#8220; _builder_version=&#8220;4.15&#8243; background_enable_image=&#8220;off&#8220; width=&#8220;100%&#8220; width_tablet=&#8220;100%&#8220; width_phone=&#8220;&#8220; width_last_edited=&#8220;on|desktop&#8220; max_width=&#8220;100%&#8220; max_width_tablet=&#8220;100%&#8220; max_width_phone=&#8220;&#8220; max_width_last_edited=&#8220;on|desktop&#8220; custom_margin=&#8220;|||&#8220; custom_padding=&#8220;0px|0px|0px|0px&#8220; animation_style=&#8220;fade&#8220; make_fullwidth=&#8220;on&#8220; global_colors_info=&#8220;{}&#8220;][et_pb_column type=&#8220;1_2&#8243; _builder_version=&#8220;4.15&#8243; custom_padding=&#8220;100px|10%|100px|10%&#8220; custom_padding_tablet=&#8220;&#8220; custom_padding_phone=&#8220;&#8220; custom_padding_last_edited=&#8220;on|phone&#8220; global_colors_info=&#8220;{}&#8220; padding_last_edited=&#8220;on|phone&#8220; custom_padding__hover=&#8220;|||&#8220;][et_pb_text admin_label=&#8220;\u00d6ffnungszeiten&#8220; _builder_version=&#8220;4.15.0&#8243; text_font=&#8220;Oswald||||&#8220; link_font=&#8220;||||||||&#8220; ul_font=&#8220;||||||||&#8220; ol_font=&#8220;||||||||&#8220; quote_font=&#8220;||||||||&#8220; header_font=&#8220;||||||||&#8220; header_text_color=&#8220;#FFFFFF&#8220; header_2_font=&#8220;Oswald|||on|||||&#8220; header_2_text_align=&#8220;left&#8220; header_2_text_color=&#8220;#FFFFFF&#8220; header_2_font_size=&#8220;40px&#8220; header_2_letter_spacing=&#8220;2px&#8220; header_2_line_height=&#8220;1.5em&#8220; background_layout=&#8220;dark&#8220; custom_margin=&#8220;||4%|&#8220; locked=&#8220;off&#8220; global_colors_info=&#8220;{}&#8220;]<\/p>\n<h2>Opening hours<\/h2>\n<p>[\/et_pb_text][et_pb_text admin_label=&#8220;Uhrzeit&#8220; _builder_version=&#8220;4.15.0&#8243; text_font=&#8220;Nunito||||&#8220; text_font_size=&#8220;16px&#8220; text_line_height=&#8220;1.5em&#8220; header_font=&#8220;Oswald|||on|&#8220; header_text_color=&#8220;#DCA57D&#8220; header_font_size=&#8220;16px&#8220; header_letter_spacing=&#8220;2px&#8220; header_line_height=&#8220;1.7em&#8220; header_4_font=&#8220;Oswald|||on|||||&#8220; header_4_text_color=&#8220;#E4101F&#8220; header_4_font_size=&#8220;16px&#8220; header_4_letter_spacing=&#8220;1px&#8220; header_4_line_height=&#8220;1.5em&#8220; background_layout=&#8220;dark&#8220; custom_margin=&#8220;||6%|&#8220; locked=&#8220;off&#8220; global_colors_info=&#8220;{}&#8220;]<\/p>\n<h4>Food<\/h4>\n<h5>every Tuesday<\/h5>\n<p>11:00 a.m. \u2013 4:45 p.m.<\/p>\n<h4>Boutique<\/h4>\n<h5>every Tuesday<\/h5>\n<p>11:00 a.m. \u2013 4:45 p.m.<\/p>\n<p>[\/et_pb_text][\/et_pb_column][et_pb_column type=&#8220;1_2&#8243; _builder_version=&#8220;4.15&#8243; background_color=&#8220;#1d2528&#8243; custom_padding=&#8220;100px|10%|100px|10%&#8220; global_colors_info=&#8220;{}&#8220; custom_padding__hover=&#8220;|||&#8220;][et_pb_text admin_label=&#8220;Texts&#8220; _builder_version=&#8220;4.15.0&#8243; text_font=&#8220;Oswald||||&#8220; link_font=&#8220;||||||||&#8220; ul_font=&#8220;||||||||&#8220; ol_font=&#8220;||||||||&#8220; quote_font=&#8220;||||||||&#8220; header_font=&#8220;||||||||&#8220; header_2_font=&#8220;Oswald|||on|||||&#8220; header_2_text_align=&#8220;left&#8220; header_2_font_size=&#8220;40px&#8220; header_2_letter_spacing=&#8220;2px&#8220; header_2_line_height=&#8220;1.5em&#8220; background_layout=&#8220;dark&#8220; custom_margin=&#8220;||4%|&#8220; custom_padding=&#8220;|||&#8220; locked=&#8220;off&#8220; global_colors_info=&#8220;{}&#8220;]<\/p>\n<h2>Contact<\/h2>\n<p>[\/et_pb_text][et_pb_text admin_label=&#8220;Telefon&#8220; _builder_version=&#8220;4.15.0&#8243; text_font=&#8220;Nunito||||&#8220; text_font_size=&#8220;16px&#8220; header_font=&#8220;Oswald|||on|&#8220; header_text_color=&#8220;#DCA57D&#8220; header_font_size=&#8220;16px&#8220; header_letter_spacing=&#8220;2px&#8220; header_line_height=&#8220;1.7em&#8220; header_4_font=&#8220;Oswald|||on|||||&#8220; header_4_text_color=&#8220;#E4101F&#8220; header_4_font_size=&#8220;16px&#8220; header_4_letter_spacing=&#8220;1px&#8220; header_4_line_height=&#8220;1.5em&#8220; background_layout=&#8220;dark&#8220; custom_margin=&#8220;||6%|&#8220; locked=&#8220;off&#8220; global_colors_info=&#8220;{}&#8220;]<\/p>\n<h4>Phone<\/h4>\n<p><a href=\"tel:0041615251030\">+41 61 525 10 30<\/a><\/p>\n<p>[\/et_pb_text][et_pb_text admin_label=&#8220;Texts&#8220; _builder_version=&#8220;4.15&#8243; text_font=&#8220;Nunito||||&#8220; text_text_color=&#8220;#FFFFFF&#8220; text_font_size=&#8220;16px&#8220; header_font=&#8220;Oswald|||on|&#8220; header_text_color=&#8220;#DCA57D&#8220; header_font_size=&#8220;16px&#8220; header_letter_spacing=&#8220;2px&#8220; header_line_height=&#8220;1.7em&#8220; header_4_font=&#8220;Oswald|||on|||||&#8220; header_4_text_color=&#8220;#E4101F&#8220; header_4_font_size=&#8220;16px&#8220; header_4_letter_spacing=&#8220;1px&#8220; header_4_line_height=&#8220;1.5em&#8220; background_layout=&#8220;dark&#8220; custom_margin=&#8220;||6%|&#8220; locked=&#8220;off&#8220; global_colors_info=&#8220;{}&#8220;]<\/p>\n<h4>Email<\/h4>\n<p><a href=\"mailto:info@danbasel.ch\">info@danbasel.ch<\/a>[\/et_pb_text][et_pb_text admin_label=&#8220;Adresse&#8220; _builder_version=&#8220;4.15.0&#8243; text_font=&#8220;Nunito||||&#8220; text_font_size=&#8220;16px&#8220; text_line_height=&#8220;1.5em&#8220; header_font=&#8220;Oswald|||on|&#8220; header_text_color=&#8220;#DCA57D&#8220; header_font_size=&#8220;16px&#8220; header_letter_spacing=&#8220;2px&#8220; header_line_height=&#8220;1.7em&#8220; header_4_font=&#8220;Oswald|||on|||||&#8220; header_4_text_color=&#8220;#E4101F&#8220; header_4_font_size=&#8220;16px&#8220; header_4_letter_spacing=&#8220;1px&#8220; header_4_line_height=&#8220;1.5em&#8220; background_layout=&#8220;dark&#8220; custom_margin=&#8220;||6%|&#8220; locked=&#8220;off&#8220; global_colors_info=&#8220;{}&#8220;]<\/p>\n<h4>Address<\/h4>\n<p>Birsstrasse 58<br \/>CH-4052 Basel<\/p>\n<p>[\/et_pb_text][\/et_pb_column][\/et_pb_row][\/et_pb_section][et_pb_section fb_built=&#8220;1&#8243; _builder_version=&#8220;4.15&#8243; _module_preset=&#8220;default&#8220; background_color=&#8220;#1D2528&#8243; global_module=&#8220;158&#8243; saved_tabs=&#8220;all&#8220; global_colors_info=&#8220;{}&#8220;][et_pb_row _builder_version=&#8220;4.15&#8243; _module_preset=&#8220;default&#8220; global_colors_info=&#8220;{}&#8220;][et_pb_column type=&#8220;4_4&#8243; _builder_version=&#8220;4.15&#8243; _module_preset=&#8220;default&#8220; global_colors_info=&#8220;{}&#8220;][et_pb_text admin_label=&#8220;Social Icons&#8220; _builder_version=&#8220;4.15.0&#8243; _module_preset=&#8220;default&#8220; global_colors_info=&#8220;{}&#8220; transform_styles__hover_enabled=&#8220;on|hover&#8220; transform_scale__hover_enabled=&#8220;on|hover&#8220; transform_translate__hover_enabled=&#8220;on|desktop&#8220; transform_rotate__hover_enabled=&#8220;on|desktop&#8220; transform_skew__hover_enabled=&#8220;on|desktop&#8220; transform_origin__hover_enabled=&#8220;on|desktop&#8220; transform_scale__hover=&#8220;105%|105%&#8220;]<\/p>\n<p style=\"text-align: center;\"><a href=\"https:\/\/www.facebook.com\/danbasel08\"><img loading=\"lazy\" decoding=\"async\" class=\"alignnone wp-image-130\" src=\"http:\/\/danbasel.ch\/wp-content\/uploads\/2021\/02\/facebook-300x300.png\" alt=\"\" width=\"35\" height=\"35\" \/><\/a> \u00a0 \u00a0\u00a0<a href=\"mailto:info@danbasel.ch\"><img loading=\"lazy\" decoding=\"async\" class=\"alignnone wp-image-131\" src=\"http:\/\/danbasel.ch\/wp-content\/uploads\/2021\/02\/gmail-300x300.png\" alt=\"\" width=\"35\" height=\"35\" \/><\/a> \u00a0\u00a0 \u00a0<a href=\"https:\/\/www.instagram.com\/dan_basel\/\"><img loading=\"lazy\" decoding=\"async\" class=\"alignnone wp-image-132\" src=\"http:\/\/danbasel.ch\/wp-content\/uploads\/2021\/02\/instagram-300x300.png\" alt=\"\" width=\"35\" height=\"35\" \/><\/a><\/p>\n<p>[\/et_pb_text][et_pb_text admin_label=&#8220;Rechtliches&#8220; _builder_version=&#8220;4.15.0&#8243; _module_preset=&#8220;default&#8220; text_text_color=&#8220;#FFFFFF&#8220; global_colors_info=&#8220;{}&#8220;]<\/p>\n<p style=\"text-align: center;\">\u00a9 DaN Basel | All rights reserved | <a href=\"https:\/\/www.danbasel.ch\/en\/datenschutzerklaerung\/\">Data privacy<\/a>\u00a0| <a href=\"https:\/\/www.danbasel.ch\/en\/impressum\/\">Imprint<\/a><\/p>\n<p>[\/et_pb_text][\/et_pb_column][\/et_pb_row][\/et_pb_section]<\/p>","protected":false},"excerpt":{"rendered":"<p>Kleidung und W\u00fcrde Die Kleiderabgabe findet w\u00f6chentlich statt und soll um einen weiteren Nachmittag erweitert werden. Hier suchen und finden bed\u00fcrftige Menschen gut erhaltene Kleider, Schuhe, Stoffe, Bettw\u00e4sche in der Boutique DaN. Die Kleider werden f\u00fcr einen symbolischen Betrag erworben. Durch ehrenamtliche aber verbindliche Mitarbeit von Arbeitslosen, Sozialbez\u00fcgern und anderen wird auch das Selbstwertgef\u00fchl der [&hellip;]<\/p>","protected":false},"author":1,"featured_media":0,"parent":0,"menu_order":0,"comment_status":"closed","ping_status":"closed","template":"","meta":{"_et_pb_use_builder":"on","_et_pb_old_content":"","_et_gb_content_width":"","footnotes":""},"class_list":["post-249","page","type-page","status-publish","hentry"],"yoast_head":"<!-- This site is optimized with the Yoast SEO plugin v27.4 - https:\/\/yoast.com\/product\/yoast-seo-wordpress\/ -->\n<title>Boutique - DaN Basel<\/title>\n<meta name=\"robots\" content=\"index, follow, max-snippet:-1, max-image-preview:large, max-video-preview:-1\" \/>\n<link rel=\"canonical\" href=\"https:\/\/www.danbasel.ch\/en\/boutique\/\" \/>\n<meta property=\"og:locale\" content=\"en_GB\" \/>\n<meta property=\"og:type\" content=\"article\" \/>\n<meta property=\"og:title\" content=\"Boutique - DaN Basel\" \/>\n<meta property=\"og:description\" content=\"Kleidung und W\u00fcrde Die Kleiderabgabe findet w\u00f6chentlich statt und soll um einen weiteren Nachmittag erweitert werden. Hier suchen und finden bed\u00fcrftige Menschen gut erhaltene Kleider, Schuhe, Stoffe, Bettw\u00e4sche in der Boutique DaN. Die Kleider werden f\u00fcr einen symbolischen Betrag erworben. Durch ehrenamtliche aber verbindliche Mitarbeit von Arbeitslosen, Sozialbez\u00fcgern und anderen wird auch das Selbstwertgef\u00fchl der [&hellip;]\" \/>\n<meta property=\"og:url\" content=\"https:\/\/www.danbasel.ch\/en\/boutique\/\" \/>\n<meta property=\"og:site_name\" content=\"DaN Basel\" \/>\n<meta property=\"article:modified_time\" content=\"2025-12-18T12:35:06+00:00\" \/>\n<meta property=\"og:image\" content=\"http:\/\/danbasel.ch\/wp-content\/uploads\/2021\/02\/facebook-300x300.png\" \/>\n<meta name=\"twitter:card\" content=\"summary_large_image\" \/>\n<meta name=\"twitter:label1\" content=\"Estimated reading time\" \/>\n\t<meta name=\"twitter:data1\" content=\"4 minutes\" \/>\n<script type=\"application\/ld+json\" class=\"yoast-schema-graph\">{\"@context\":\"https:\\\/\\\/schema.org\",\"@graph\":[{\"@type\":\"WebPage\",\"@id\":\"https:\\\/\\\/www.danbasel.ch\\\/boutique\\\/\",\"url\":\"https:\\\/\\\/www.danbasel.ch\\\/boutique\\\/\",\"name\":\"Boutique - DaN Basel\",\"isPartOf\":{\"@id\":\"https:\\\/\\\/www.danbasel.ch\\\/#website\"},\"primaryImageOfPage\":{\"@id\":\"https:\\\/\\\/www.danbasel.ch\\\/boutique\\\/#primaryimage\"},\"image\":{\"@id\":\"https:\\\/\\\/www.danbasel.ch\\\/boutique\\\/#primaryimage\"},\"thumbnailUrl\":\"http:\\\/\\\/danbasel.ch\\\/wp-content\\\/uploads\\\/2021\\\/02\\\/facebook-300x300.png\",\"datePublished\":\"2021-04-15T22:19:19+00:00\",\"dateModified\":\"2025-12-18T12:35:06+00:00\",\"breadcrumb\":{\"@id\":\"https:\\\/\\\/www.danbasel.ch\\\/boutique\\\/#breadcrumb\"},\"inLanguage\":\"en-GB\",\"potentialAction\":[{\"@type\":\"ReadAction\",\"target\":[\"https:\\\/\\\/www.danbasel.ch\\\/boutique\\\/\"]}]},{\"@type\":\"ImageObject\",\"inLanguage\":\"en-GB\",\"@id\":\"https:\\\/\\\/www.danbasel.ch\\\/boutique\\\/#primaryimage\",\"url\":\"http:\\\/\\\/danbasel.ch\\\/wp-content\\\/uploads\\\/2021\\\/02\\\/facebook-300x300.png\",\"contentUrl\":\"http:\\\/\\\/danbasel.ch\\\/wp-content\\\/uploads\\\/2021\\\/02\\\/facebook-300x300.png\"},{\"@type\":\"BreadcrumbList\",\"@id\":\"https:\\\/\\\/www.danbasel.ch\\\/boutique\\\/#breadcrumb\",\"itemListElement\":[{\"@type\":\"ListItem\",\"position\":1,\"name\":\"Home\",\"item\":\"https:\\\/\\\/www.danbasel.ch\\\/\"},{\"@type\":\"ListItem\",\"position\":2,\"name\":\"Boutique\"}]},{\"@type\":\"WebSite\",\"@id\":\"https:\\\/\\\/www.danbasel.ch\\\/#website\",\"url\":\"https:\\\/\\\/www.danbasel.ch\\\/\",\"name\":\"DaN Basel\",\"description\":\"Dienst am N\u00e4chsten\",\"potentialAction\":[{\"@type\":\"SearchAction\",\"target\":{\"@type\":\"EntryPoint\",\"urlTemplate\":\"https:\\\/\\\/www.danbasel.ch\\\/?s={search_term_string}\"},\"query-input\":{\"@type\":\"PropertyValueSpecification\",\"valueRequired\":true,\"valueName\":\"search_term_string\"}}],\"inLanguage\":\"en-GB\"}]}<\/script>\n<!-- \/ Yoast SEO plugin. -->","yoast_head_json":{"title":"Boutique - DaN Basel","robots":{"index":"index","follow":"follow","max-snippet":"max-snippet:-1","max-image-preview":"max-image-preview:large","max-video-preview":"max-video-preview:-1"},"canonical":"https:\/\/www.danbasel.ch\/en\/boutique\/","og_locale":"en_GB","og_type":"article","og_title":"Boutique - DaN Basel","og_description":"Kleidung und W\u00fcrde Die Kleiderabgabe findet w\u00f6chentlich statt und soll um einen weiteren Nachmittag erweitert werden. Hier suchen und finden bed\u00fcrftige Menschen gut erhaltene Kleider, Schuhe, Stoffe, Bettw\u00e4sche in der Boutique DaN. Die Kleider werden f\u00fcr einen symbolischen Betrag erworben. Durch ehrenamtliche aber verbindliche Mitarbeit von Arbeitslosen, Sozialbez\u00fcgern und anderen wird auch das Selbstwertgef\u00fchl der [&hellip;]","og_url":"https:\/\/www.danbasel.ch\/en\/boutique\/","og_site_name":"DaN Basel","article_modified_time":"2025-12-18T12:35:06+00:00","og_image":[{"url":"http:\/\/danbasel.ch\/wp-content\/uploads\/2021\/02\/facebook-300x300.png","type":"","width":"","height":""}],"twitter_card":"summary_large_image","twitter_misc":{"Estimated reading time":"4 minutes"},"schema":{"@context":"https:\/\/schema.org","@graph":[{"@type":"WebPage","@id":"https:\/\/www.danbasel.ch\/boutique\/","url":"https:\/\/www.danbasel.ch\/boutique\/","name":"Boutique - DaN Basel","isPartOf":{"@id":"https:\/\/www.danbasel.ch\/#website"},"primaryImageOfPage":{"@id":"https:\/\/www.danbasel.ch\/boutique\/#primaryimage"},"image":{"@id":"https:\/\/www.danbasel.ch\/boutique\/#primaryimage"},"thumbnailUrl":"http:\/\/danbasel.ch\/wp-content\/uploads\/2021\/02\/facebook-300x300.png","datePublished":"2021-04-15T22:19:19+00:00","dateModified":"2025-12-18T12:35:06+00:00","breadcrumb":{"@id":"https:\/\/www.danbasel.ch\/boutique\/#breadcrumb"},"inLanguage":"en-GB","potentialAction":[{"@type":"ReadAction","target":["https:\/\/www.danbasel.ch\/boutique\/"]}]},{"@type":"ImageObject","inLanguage":"en-GB","@id":"https:\/\/www.danbasel.ch\/boutique\/#primaryimage","url":"http:\/\/danbasel.ch\/wp-content\/uploads\/2021\/02\/facebook-300x300.png","contentUrl":"http:\/\/danbasel.ch\/wp-content\/uploads\/2021\/02\/facebook-300x300.png"},{"@type":"BreadcrumbList","@id":"https:\/\/www.danbasel.ch\/boutique\/#breadcrumb","itemListElement":[{"@type":"ListItem","position":1,"name":"Home","item":"https:\/\/www.danbasel.ch\/"},{"@type":"ListItem","position":2,"name":"Boutique"}]},{"@type":"WebSite","@id":"https:\/\/www.danbasel.ch\/#website","url":"https:\/\/www.danbasel.ch\/","name":"DaN Basel","description":"Service to people in need","potentialAction":[{"@type":"SearchAction","target":{"@type":"EntryPoint","urlTemplate":"https:\/\/www.danbasel.ch\/?s={search_term_string}"},"query-input":{"@type":"PropertyValueSpecification","valueRequired":true,"valueName":"search_term_string"}}],"inLanguage":"en-GB"}]}},"_links":{"self":[{"href":"https:\/\/www.danbasel.ch\/en\/wp-json\/wp\/v2\/pages\/249","targetHints":{"allow":["GET"]}}],"collection":[{"href":"https:\/\/www.danbasel.ch\/en\/wp-json\/wp\/v2\/pages"}],"about":[{"href":"https:\/\/www.danbasel.ch\/en\/wp-json\/wp\/v2\/types\/page"}],"author":[{"embeddable":true,"href":"https:\/\/www.danbasel.ch\/en\/wp-json\/wp\/v2\/users\/1"}],"replies":[{"embeddable":true,"href":"https:\/\/www.danbasel.ch\/en\/wp-json\/wp\/v2\/comments?post=249"}],"version-history":[{"count":0,"href":"https:\/\/www.danbasel.ch\/en\/wp-json\/wp\/v2\/pages\/249\/revisions"}],"wp:attachment":[{"href":"https:\/\/www.danbasel.ch\/en\/wp-json\/wp\/v2\/media?parent=249"}],"curies":[{"name":"wp","href":"https:\/\/api.w.org\/{rel}","templated":true}]}}